{"id":1272,"date":"2022-05-25T22:18:53","date_gmt":"2022-05-26T01:18:53","guid":{"rendered":"https:\/\/www.camir.cl\/site\/producto\/shockwave-c2\/"},"modified":"2026-04-07T14:27:07","modified_gmt":"2026-04-07T17:27:07","slug":"shockwave-c2","status":"publish","type":"product","link":"https:\/\/www.camir.cl\/site\/producto\/shockwave-c2\/","title":{"rendered":"Shockwave C2"},"content":{"rendered":"<p><strong>PREDECIBLEMENTE SEGURO<\/strong><br \/>\nEstablezca un nuevo est\u00e1ndar de atenci\u00f3n para la modificaci\u00f3n segura del calcio al reducir el riesgo de perforaciones y otras complicaciones para que los procedimientos sean m\u00e1s predecibles y eficientes.<\/p>\n<p><strong>DISTINTAMENTE INTUITIVO<\/strong><br \/>\nModifique de manera \u00f3ptima el calcio desde el primer caso a trav\u00e9s de un mecanismo de acci\u00f3n \u00fanico en una plataforma intuitiva.<\/p>\n<p><strong>CONSTANTEMENTE EFICAZ<\/strong><br \/>\nConsiga excelentes ganancias de luz y expansi\u00f3n del stent de forma constante a pesar de la morfolog\u00eda del calcio, ya sean lesiones superficiales o profundas, conc\u00e9ntricas o exc\u00e9ntricas, y cortas o largas.<\/p>\n<div class=\"section__head\">\n<h2 class=\"text-center\">Shockwave C\u00a0<sup>2<\/sup>\u00a0en profundidad<\/h2>\n<\/div>\n<div class=\"in-depth-container-wrap\">\n<div class=\"in-depth-container-top\">\n<p><img loading=\"lazy\" loading=\"lazy\" decoding=\"async\" class=\"in-depth-top--img alignleft\" src=\"https:\/\/shockwavemedical.com\/wp-content\/uploads\/2018\/11\/shockwave-2.png\" alt=\"Dispositivo de ondas de choque\" width=\"478\" height=\"393\" \/><\/p>\n<div class=\"in-depth-top--content in-depth-top--content-1\">\n<h3 class=\"col-title\">Generador IVL<\/h3>\n<ul>\n<li>Port\u00e1til y recargable<\/li>\n<li>Sin conexiones externas<\/li>\n<li>Configuraci\u00f3n r\u00e1pida y sencilla sin ajustes<\/li>\n<\/ul>\n<\/div>\n<div class=\"in-depth-top--content in-depth-top--content-2\">\n<h3 class=\"col-title\">Cable conector IVL<\/h3>\n<ul>\n<li>Conexiones magn\u00e9ticas simples<\/li>\n<li>Pulsador activado<\/li>\n<\/ul>\n<\/div>\n<div class=\"in-depth-top--content in-depth-top--content-3\">\n<h3 class=\"col-title\">Cat\u00e9ter IVL<\/h3>\n<ul>\n<li>T\u00e9cnica PCI est\u00e1ndar<\/li>\n<li>Sistema RX<\/li>\n<li>Gu\u00eda de 0,014&#8243; de su elecci\u00f3n.<\/li>\n<\/ul>\n<p>&nbsp;<\/p>\n<div class=\"in-depth-bottom--col1\"><img loading=\"lazy\" loading=\"lazy\" decoding=\"async\" class=\"alignleft\" src=\"https:\/\/shockwavemedical.com\/wp-content\/uploads\/2018\/11\/shockwave_2.png\" alt=\"Dispositivo de ondas de choque\" width=\"395\" height=\"395\" \/><\/div>\n<div class=\"in-depth-bottom--col2\">\n<div class=\"in-depth-bottom--content in-depth-bottom--content-1\">\n<h3 class=\"col-title\">Bal\u00f3n SC integrado de 12 mm<\/h3>\n<ul>\n<li>\u00a0 Facilita la transferencia de energ\u00eda.<\/li>\n<li>\u00a0 IVL=4atm; Nominal=6atm; RBP = 10 atm<\/li>\n<\/ul>\n<\/div>\n<div class=\"in-depth-bottom--content in-depth-bottom--content-2\">\n<h3 class=\"col-title\">Bandas marcadoras distales y proximales<\/h3>\n<\/div>\n<div class=\"in-depth-bottom--content in-depth-bottom--content-3\">\n<h3 class=\"col-title\">2 emisores<\/h3>\n<ul>\n<li>Un pulso por segundo (80 pulsos\/cat\u00e9ter).<\/li>\n<\/ul>\n<p>&nbsp;<\/p>\n<section class=\"section section--clinical-specs\">\n<div class=\"shell\">\n<div class=\"section__head\">\n<h2><\/h2>\n<h2><\/h2>\n<h2 class=\"text-center\">Shockwave C\u00a0<sup>2<\/sup>\u00a0Especificaciones<\/h2>\n<p>&nbsp;<\/p>\n<\/div>\n<div class=\"spec-product-wrap\">\n<div class=\"spec-product-left\"><img loading=\"lazy\" loading=\"lazy\" decoding=\"async\" class=\"alignleft\" src=\"https:\/\/shockwavemedical.com\/wp-content\/uploads\/2018\/12\/shockwave_box.png\" alt=\"caja de ondas de choque\" width=\"271\" height=\"421\" \/><\/div>\n<div class=\"spec-product-right\">\n<div><\/div>\n<div><\/div>\n<div><\/div>\n<div class=\"spec-detail-row\"><span class=\"spec-detail-label\">DI\u00c1METRO (mm)\u00a0<\/span>\u00a0<span class=\"spec-detail-amt\">2,5, 3,0, 3,5, 4,0<\/span><\/div>\n<div class=\"spec-detail-row\"><span class=\"spec-detail-label\">LONGITUD (mm)\u00a0<\/span>\u00a0<span class=\"spec-detail-amt\">12<\/span><\/div>\n<div class=\"spec-detail-row\"><span class=\"spec-detail-label\">COMPATIBILIDAD CON GU\u00cdA (in)\u00a0<\/span>\u00a0<span class=\"spec-detail-amt\">0.014<\/span><\/div>\n<div class=\"spec-detail-row\"><span class=\"spec-detail-label\">COMPATIBILIDAD CAT\u00c9TER GU\u00cdA\u00a0<\/span>\u00a0<span class=\"spec-detail-amt\">6F<\/span><\/div>\n<div class=\"spec-detail-row\"><span class=\"spec-detail-label\">LONGITUD DE TRABAJO (cm)\u00a0<\/span>\u00a0<span class=\"spec-detail-amt\">138<\/span><\/div>\n<div class=\"spec-detail-row\"><span class=\"spec-detail-label\">RANGO DE PERFIL DE CRUCE* (in)\u00a0<\/span>\u00a0<span class=\"spec-detail-amt\">0.044-0.047<\/span><\/div>\n<div class=\"spec-detail-row\"><span class=\"spec-detail-label\">PULSOS (m\u00e1x.)\u00a0<\/span>\u00a0<span class=\"spec-detail-amt\">80<\/span><\/div>\n<div class=\"spec-footer\"><\/div>\n<\/div>\n<\/div>\n<\/div>\n<\/section>\n<section class=\"section section--spec-diagram-1\">\n<div class=\"spec-diagram-img-1-wrap\">\n<div class=\"spec-diagram-content spec-diagram-content--1\">\n<h3><\/h3>\n<h3><\/h3>\n<h3><\/h3>\n<h3><\/h3>\n<h3><\/h3>\n<h3 class=\"col-title\">Longitudes de trabajo<\/h3>\n<div>Longitud de trabajo del globo de 12 mm desde el borde interior de las bandas marcadoras<\/div>\n<div>6 mm entre emisores y 4 mm\/2 mm entre emisores y bandas marcadoras<\/div>\n<\/div>\n<p><img loading=\"lazy\" loading=\"lazy\" decoding=\"async\" class=\"spec-diagram-img-1\" role=\"presentation\" src=\"https:\/\/shockwavemedical.com\/wp-content\/uploads\/2022\/06\/Resized-C2_2.png\" alt=\"Diagrama\" width=\"767\" height=\"126\" \/><\/p>\n<div class=\"spec-diagram-content spec-diagram-content--2\">\n<h3 class=\"col-title\">Perfil energ\u00e9tico<\/h3>\n<div>Disminuye la presi\u00f3n ac\u00fastica\u00a0<span class=\"tilde\">~<\/span>3 mm de distancia del emisor<\/div>\n<div>Perfil de energ\u00eda uniforme sobre el centro de 12 mm del globo<\/div>\n<\/div>\n<\/div>\n<\/section>\n<section class=\"section section--spec-diagram-2\">\n<div class=\"spec-diagram-2-wrap\">\n<div class=\"spec-span-wrap--3\">\n<div class=\"spec-span-parent spec-span-parent--3\">2<br \/>\nmil\u00edmetros<\/div>\n<\/div>\n<div class=\"spec-diagram-2-img-wrap--1\">\n<div class=\"spec-diagram-2-img--1\"><img loading=\"lazy\" loading=\"lazy\" decoding=\"async\" class=\"spec-diagram-img-2\" role=\"presentation\" src=\"https:\/\/shockwavemedical.com\/wp-content\/themes\/shockwave-medical-inc\/dist\/images\/specdiagram2.png\" alt=\"Diagrama\" width=\"792\" height=\"56\" \/><\/div>\n<\/div>\n<div class=\"spec-diagram-2-img-wrap--2\">\n<div class=\"spec-diagram-2-img--2\"><img loading=\"lazy\" loading=\"lazy\" decoding=\"async\" class=\"spec-diagram-img-3\" role=\"presentation\" src=\"https:\/\/shockwavemedical.com\/wp-content\/themes\/shockwave-medical-inc\/dist\/images\/specdiagram3.png\" alt=\"Diagrama\" width=\"797\" height=\"45\" \/><\/div>\n<\/div>\n<div class=\"spec-diagram-content spec-diagram-content--3\">\n<h3 class=\"col-title\">Superposici\u00f3n optimizada<\/h3>\n<div>La superposici\u00f3n de 2 mm optimiza el perfil de energ\u00eda.<\/div>\n<\/div>\n<\/div>\n<\/section>\n<section class=\"section section--resources--dynamic section-bg--dark sw-c2__resources\">\n<div class=\"shell\">\n<div class=\"section__head section__head--btm\">\n<h2 class=\"text-center\"><\/h2>\n<\/div>\n<\/div>\n<\/section>\n<\/div>\n<\/div>\n<p>&nbsp;<\/p>\n<\/div>\n<\/div>\n<p>&nbsp;<\/p>\n<\/div>\n<div style=\"display:flex; gap:10px;justify-content:center\" class=\"wps-pgfw-pdf-generate-icon__wrapper-frontend\">\n\t\t<a  href=\"https:\/\/www.camir.cl\/site\/wp-json\/wp\/v2\/product\/1272?action=genpdf&amp;id=1272\" class=\"pgfw-single-pdf-download-button\" ><img src=\"https:\/\/www.camir.cl\/site\/wp-content\/plugins\/pdf-generator-for-wp\/admin\/src\/images\/PDF_Tray.svg\" title=\"Generar PDF\" style=\"width:auto; height:45px;\"><\/a>\n\t\t<\/div>","protected":false},"excerpt":{"rendered":"<p>Sistema de Litotricia intravascular coronaria<\/p>\n","protected":false},"featured_media":1381,"comment_status":"open","ping_status":"closed","template":"","meta":[],"etheme_brands":[],"product_cat":[115,78],"product_tag":[80,81,79],"class_list":["post-1272","product","type-product","status-publish","has-post-thumbnail","hentry","product_cat-litotripcia","product_cat-balon","product_tag-balon","product_tag-lesiones-calcificadas","product_tag-litotripcia"],"yoast_head":"<!-- This site is optimized with the Yoast SEO plugin v19.1 - https:\/\/yoast.com\/wordpress\/plugins\/seo\/ -->\n<title>Shockwave C2 - Camir<\/title>\n<meta name=\"robots\" content=\"index, follow, max-snippet:-1, max-image-preview:large, max-video-preview:-1\" \/>\n<link rel=\"canonical\" href=\"https:\/\/www.camir.cl\/site\/producto\/shockwave-c2\/\" \/>\n<meta property=\"og:locale\" content=\"es_ES\" \/>\n<meta property=\"og:type\" content=\"article\" \/>\n<meta property=\"og:title\" content=\"Shockwave C2 - Camir\" \/>\n<meta property=\"og:description\" content=\"Sistema de Litotricia intravascular coronaria\" \/>\n<meta property=\"og:url\" content=\"https:\/\/www.camir.cl\/site\/producto\/shockwave-c2\/\" \/>\n<meta property=\"og:site_name\" content=\"Camir\" \/>\n<meta property=\"article:modified_time\" content=\"2026-04-07T17:27:07+00:00\" \/>\n<meta property=\"og:image\" content=\"https:\/\/www.camir.cl\/site\/wp-content\/uploads\/2022\/05\/Shockwave-C2.jpg\" \/>\n\t<meta property=\"og:image:width\" content=\"300\" \/>\n\t<meta property=\"og:image:height\" content=\"300\" \/>\n\t<meta property=\"og:image:type\" content=\"image\/jpeg\" \/>\n<meta name=\"twitter:card\" content=\"summary_large_image\" \/>\n<meta name=\"twitter:label1\" content=\"Tiempo de lectura\" \/>\n\t<meta name=\"twitter:data1\" content=\"3 minutos\" \/>\n<script type=\"application\/ld+json\" class=\"yoast-schema-graph\">{\"@context\":\"https:\/\/schema.org\",\"@graph\":[{\"@type\":\"WebSite\",\"@id\":\"https:\/\/www.camir.cl\/site\/#website\",\"url\":\"https:\/\/www.camir.cl\/site\/\",\"name\":\"Camir\",\"description\":\"\",\"potentialAction\":[{\"@type\":\"SearchAction\",\"target\":{\"@type\":\"EntryPoint\",\"urlTemplate\":\"https:\/\/www.camir.cl\/site\/?s={search_term_string}\"},\"query-input\":\"required name=search_term_string\"}],\"inLanguage\":\"es\"},{\"@type\":\"ImageObject\",\"inLanguage\":\"es\",\"@id\":\"https:\/\/www.camir.cl\/site\/producto\/shockwave-c2\/#primaryimage\",\"url\":\"https:\/\/www.camir.cl\/site\/wp-content\/uploads\/2022\/05\/Shockwave-C2.jpg\",\"contentUrl\":\"https:\/\/www.camir.cl\/site\/wp-content\/uploads\/2022\/05\/Shockwave-C2.jpg\",\"width\":300,\"height\":300,\"caption\":\"Shockwave C2\"},{\"@type\":\"WebPage\",\"@id\":\"https:\/\/www.camir.cl\/site\/producto\/shockwave-c2\/#webpage\",\"url\":\"https:\/\/www.camir.cl\/site\/producto\/shockwave-c2\/\",\"name\":\"Shockwave C2 - Camir\",\"isPartOf\":{\"@id\":\"https:\/\/www.camir.cl\/site\/#website\"},\"primaryImageOfPage\":{\"@id\":\"https:\/\/www.camir.cl\/site\/producto\/shockwave-c2\/#primaryimage\"},\"datePublished\":\"2022-05-26T01:18:53+00:00\",\"dateModified\":\"2026-04-07T17:27:07+00:00\",\"breadcrumb\":{\"@id\":\"https:\/\/www.camir.cl\/site\/producto\/shockwave-c2\/#breadcrumb\"},\"inLanguage\":\"es\",\"potentialAction\":[{\"@type\":\"ReadAction\",\"target\":[\"https:\/\/www.camir.cl\/site\/producto\/shockwave-c2\/\"]}]},{\"@type\":\"BreadcrumbList\",\"@id\":\"https:\/\/www.camir.cl\/site\/producto\/shockwave-c2\/#breadcrumb\",\"itemListElement\":[{\"@type\":\"ListItem\",\"position\":1,\"name\":\"Portada\",\"item\":\"https:\/\/www.camir.cl\/site\/\"},{\"@type\":\"ListItem\",\"position\":2,\"name\":\"Cat\u00e1logo de Productos\",\"item\":\"https:\/\/www.camir.cl\/site\/shop\/\"},{\"@type\":\"ListItem\",\"position\":3,\"name\":\"Shockwave C2\"}]}]}<\/script>\n<!-- \/ Yoast SEO plugin. -->","yoast_head_json":{"title":"Shockwave C2 - Camir","robots":{"index":"index","follow":"follow","max-snippet":"max-snippet:-1","max-image-preview":"max-image-preview:large","max-video-preview":"max-video-preview:-1"},"canonical":"https:\/\/www.camir.cl\/site\/producto\/shockwave-c2\/","og_locale":"es_ES","og_type":"article","og_title":"Shockwave C2 - Camir","og_description":"Sistema de Litotricia intravascular coronaria","og_url":"https:\/\/www.camir.cl\/site\/producto\/shockwave-c2\/","og_site_name":"Camir","article_modified_time":"2026-04-07T17:27:07+00:00","og_image":[{"width":300,"height":300,"url":"https:\/\/www.camir.cl\/site\/wp-content\/uploads\/2022\/05\/Shockwave-C2.jpg","type":"image\/jpeg"}],"twitter_card":"summary_large_image","twitter_misc":{"Tiempo de lectura":"3 minutos"},"schema":{"@context":"https:\/\/schema.org","@graph":[{"@type":"WebSite","@id":"https:\/\/www.camir.cl\/site\/#website","url":"https:\/\/www.camir.cl\/site\/","name":"Camir","description":"","potentialAction":[{"@type":"SearchAction","target":{"@type":"EntryPoint","urlTemplate":"https:\/\/www.camir.cl\/site\/?s={search_term_string}"},"query-input":"required name=search_term_string"}],"inLanguage":"es"},{"@type":"ImageObject","inLanguage":"es","@id":"https:\/\/www.camir.cl\/site\/producto\/shockwave-c2\/#primaryimage","url":"https:\/\/www.camir.cl\/site\/wp-content\/uploads\/2022\/05\/Shockwave-C2.jpg","contentUrl":"https:\/\/www.camir.cl\/site\/wp-content\/uploads\/2022\/05\/Shockwave-C2.jpg","width":300,"height":300,"caption":"Shockwave C2"},{"@type":"WebPage","@id":"https:\/\/www.camir.cl\/site\/producto\/shockwave-c2\/#webpage","url":"https:\/\/www.camir.cl\/site\/producto\/shockwave-c2\/","name":"Shockwave C2 - Camir","isPartOf":{"@id":"https:\/\/www.camir.cl\/site\/#website"},"primaryImageOfPage":{"@id":"https:\/\/www.camir.cl\/site\/producto\/shockwave-c2\/#primaryimage"},"datePublished":"2022-05-26T01:18:53+00:00","dateModified":"2026-04-07T17:27:07+00:00","breadcrumb":{"@id":"https:\/\/www.camir.cl\/site\/producto\/shockwave-c2\/#breadcrumb"},"inLanguage":"es","potentialAction":[{"@type":"ReadAction","target":["https:\/\/www.camir.cl\/site\/producto\/shockwave-c2\/"]}]},{"@type":"BreadcrumbList","@id":"https:\/\/www.camir.cl\/site\/producto\/shockwave-c2\/#breadcrumb","itemListElement":[{"@type":"ListItem","position":1,"name":"Portada","item":"https:\/\/www.camir.cl\/site\/"},{"@type":"ListItem","position":2,"name":"Cat\u00e1logo de Productos","item":"https:\/\/www.camir.cl\/site\/shop\/"},{"@type":"ListItem","position":3,"name":"Shockwave C2"}]}]}},"_links":{"self":[{"href":"https:\/\/www.camir.cl\/site\/wp-json\/wp\/v2\/product\/1272"}],"collection":[{"href":"https:\/\/www.camir.cl\/site\/wp-json\/wp\/v2\/product"}],"about":[{"href":"https:\/\/www.camir.cl\/site\/wp-json\/wp\/v2\/types\/product"}],"replies":[{"embeddable":true,"href":"https:\/\/www.camir.cl\/site\/wp-json\/wp\/v2\/comments?post=1272"}],"version-history":[{"count":2,"href":"https:\/\/www.camir.cl\/site\/wp-json\/wp\/v2\/product\/1272\/revisions"}],"predecessor-version":[{"id":2540,"href":"https:\/\/www.camir.cl\/site\/wp-json\/wp\/v2\/product\/1272\/revisions\/2540"}],"wp:featuredmedia":[{"embeddable":true,"href":"https:\/\/www.camir.cl\/site\/wp-json\/wp\/v2\/media\/1381"}],"wp:attachment":[{"href":"https:\/\/www.camir.cl\/site\/wp-json\/wp\/v2\/media?parent=1272"}],"wp:term":[{"taxonomy":"brand","embeddable":true,"href":"https:\/\/www.camir.cl\/site\/wp-json\/wp\/v2\/etheme_brands?post=1272"},{"taxonomy":"product_cat","embeddable":true,"href":"https:\/\/www.camir.cl\/site\/wp-json\/wp\/v2\/product_cat?post=1272"},{"taxonomy":"product_tag","embeddable":true,"href":"https:\/\/www.camir.cl\/site\/wp-json\/wp\/v2\/product_tag?post=1272"}],"curies":[{"name":"wp","href":"https:\/\/api.w.org\/{rel}","templated":true}]}}