{"id":1271,"date":"2022-05-25T22:18:53","date_gmt":"2022-05-26T01:18:53","guid":{"rendered":"https:\/\/www.camir.cl\/site\/producto\/gladius\/"},"modified":"2022-06-01T16:49:37","modified_gmt":"2022-06-01T19:49:37","slug":"gladius","status":"publish","type":"product","link":"https:\/\/www.camir.cl\/site\/producto\/gladius\/","title":{"rendered":"Gladius"},"content":{"rendered":"<p>Caballo de batalla Plus; Alambre de primera l\u00ednea balanceado con ACT ONE para una mejor respuesta de torque y durabilidad; adecuado para una amplia gama de casos. Este producto est\u00e1 destinado a facilitar la colocaci\u00f3n y el intercambio de dispositivos de diagn\u00f3stico y terap\u00e9uticos durante los procedimientos intravasculares. Este dispositivo est\u00e1 destinado \u00fanicamente para uso vascular perif\u00e9rico.<\/p>\n<div style=\"display:flex; gap:10px;justify-content:center\" class=\"wps-pgfw-pdf-generate-icon__wrapper-frontend\">\n\t\t<a  href=\"https:\/\/www.camir.cl\/site\/wp-json\/wp\/v2\/product\/1271?action=genpdf&amp;id=1271\" class=\"pgfw-single-pdf-download-button\" ><img src=\"https:\/\/www.camir.cl\/site\/wp-content\/plugins\/pdf-generator-for-wp\/admin\/src\/images\/PDF_Tray.svg\" title=\"Generar PDF\" style=\"width:auto; height:45px;\"><\/a>\n\t\t<\/div>","protected":false},"excerpt":{"rendered":"<p>Gu\u00eda de angioplast\u00eda de primera elecci\u00f3n<\/p>\n","protected":false},"featured_media":1378,"comment_status":"open","ping_status":"closed","template":"","meta":[],"etheme_brands":[],"product_cat":[43,73,74],"product_tag":[75,76,77],"class_list":["post-1271","product","type-product","status-publish","has-post-thumbnail","hentry","product_cat-vascular-periferico","product_cat-guia","product_cat-primera-eleccion","product_tag-angioplastia","product_tag-guia","product_tag-primera-eleccion"],"yoast_head":"<!-- This site is optimized with the Yoast SEO plugin v19.1 - https:\/\/yoast.com\/wordpress\/plugins\/seo\/ -->\n<title>Gladius - Camir<\/title>\n<meta name=\"robots\" content=\"index, follow, max-snippet:-1, max-image-preview:large, max-video-preview:-1\" \/>\n<link rel=\"canonical\" href=\"https:\/\/www.camir.cl\/site\/producto\/gladius\/\" \/>\n<meta property=\"og:locale\" content=\"es_ES\" \/>\n<meta property=\"og:type\" content=\"article\" \/>\n<meta property=\"og:title\" content=\"Gladius - Camir\" \/>\n<meta property=\"og:description\" content=\"Gu\u00eda de angioplast\u00eda de primera elecci\u00f3n\" \/>\n<meta property=\"og:url\" content=\"https:\/\/www.camir.cl\/site\/producto\/gladius\/\" \/>\n<meta property=\"og:site_name\" content=\"Camir\" \/>\n<meta property=\"article:modified_time\" content=\"2022-06-01T19:49:37+00:00\" \/>\n<meta property=\"og:image\" content=\"https:\/\/www.camir.cl\/site\/wp-content\/uploads\/2022\/05\/Gladius.jpg\" \/>\n\t<meta property=\"og:image:width\" content=\"300\" \/>\n\t<meta property=\"og:image:height\" content=\"300\" \/>\n\t<meta property=\"og:image:type\" content=\"image\/jpeg\" \/>\n<meta name=\"twitter:card\" content=\"summary_large_image\" \/>\n<script type=\"application\/ld+json\" class=\"yoast-schema-graph\">{\"@context\":\"https:\/\/schema.org\",\"@graph\":[{\"@type\":\"WebSite\",\"@id\":\"https:\/\/www.camir.cl\/site\/#website\",\"url\":\"https:\/\/www.camir.cl\/site\/\",\"name\":\"Camir\",\"description\":\"\",\"potentialAction\":[{\"@type\":\"SearchAction\",\"target\":{\"@type\":\"EntryPoint\",\"urlTemplate\":\"https:\/\/www.camir.cl\/site\/?s={search_term_string}\"},\"query-input\":\"required name=search_term_string\"}],\"inLanguage\":\"es\"},{\"@type\":\"ImageObject\",\"inLanguage\":\"es\",\"@id\":\"https:\/\/www.camir.cl\/site\/producto\/gladius\/#primaryimage\",\"url\":\"https:\/\/www.camir.cl\/site\/wp-content\/uploads\/2022\/05\/Gladius.jpg\",\"contentUrl\":\"https:\/\/www.camir.cl\/site\/wp-content\/uploads\/2022\/05\/Gladius.jpg\",\"width\":300,\"height\":300,\"caption\":\"Gladius\"},{\"@type\":\"WebPage\",\"@id\":\"https:\/\/www.camir.cl\/site\/producto\/gladius\/#webpage\",\"url\":\"https:\/\/www.camir.cl\/site\/producto\/gladius\/\",\"name\":\"Gladius - Camir\",\"isPartOf\":{\"@id\":\"https:\/\/www.camir.cl\/site\/#website\"},\"primaryImageOfPage\":{\"@id\":\"https:\/\/www.camir.cl\/site\/producto\/gladius\/#primaryimage\"},\"datePublished\":\"2022-05-26T01:18:53+00:00\",\"dateModified\":\"2022-06-01T19:49:37+00:00\",\"breadcrumb\":{\"@id\":\"https:\/\/www.camir.cl\/site\/producto\/gladius\/#breadcrumb\"},\"inLanguage\":\"es\",\"potentialAction\":[{\"@type\":\"ReadAction\",\"target\":[\"https:\/\/www.camir.cl\/site\/producto\/gladius\/\"]}]},{\"@type\":\"BreadcrumbList\",\"@id\":\"https:\/\/www.camir.cl\/site\/producto\/gladius\/#breadcrumb\",\"itemListElement\":[{\"@type\":\"ListItem\",\"position\":1,\"name\":\"Portada\",\"item\":\"https:\/\/www.camir.cl\/site\/\"},{\"@type\":\"ListItem\",\"position\":2,\"name\":\"Cat\u00e1logo de Productos\",\"item\":\"https:\/\/www.camir.cl\/site\/shop\/\"},{\"@type\":\"ListItem\",\"position\":3,\"name\":\"Gladius\"}]}]}<\/script>\n<!-- \/ Yoast SEO plugin. -->","yoast_head_json":{"title":"Gladius - Camir","robots":{"index":"index","follow":"follow","max-snippet":"max-snippet:-1","max-image-preview":"max-image-preview:large","max-video-preview":"max-video-preview:-1"},"canonical":"https:\/\/www.camir.cl\/site\/producto\/gladius\/","og_locale":"es_ES","og_type":"article","og_title":"Gladius - Camir","og_description":"Gu\u00eda de angioplast\u00eda de primera elecci\u00f3n","og_url":"https:\/\/www.camir.cl\/site\/producto\/gladius\/","og_site_name":"Camir","article_modified_time":"2022-06-01T19:49:37+00:00","og_image":[{"width":300,"height":300,"url":"https:\/\/www.camir.cl\/site\/wp-content\/uploads\/2022\/05\/Gladius.jpg","type":"image\/jpeg"}],"twitter_card":"summary_large_image","schema":{"@context":"https:\/\/schema.org","@graph":[{"@type":"WebSite","@id":"https:\/\/www.camir.cl\/site\/#website","url":"https:\/\/www.camir.cl\/site\/","name":"Camir","description":"","potentialAction":[{"@type":"SearchAction","target":{"@type":"EntryPoint","urlTemplate":"https:\/\/www.camir.cl\/site\/?s={search_term_string}"},"query-input":"required name=search_term_string"}],"inLanguage":"es"},{"@type":"ImageObject","inLanguage":"es","@id":"https:\/\/www.camir.cl\/site\/producto\/gladius\/#primaryimage","url":"https:\/\/www.camir.cl\/site\/wp-content\/uploads\/2022\/05\/Gladius.jpg","contentUrl":"https:\/\/www.camir.cl\/site\/wp-content\/uploads\/2022\/05\/Gladius.jpg","width":300,"height":300,"caption":"Gladius"},{"@type":"WebPage","@id":"https:\/\/www.camir.cl\/site\/producto\/gladius\/#webpage","url":"https:\/\/www.camir.cl\/site\/producto\/gladius\/","name":"Gladius - Camir","isPartOf":{"@id":"https:\/\/www.camir.cl\/site\/#website"},"primaryImageOfPage":{"@id":"https:\/\/www.camir.cl\/site\/producto\/gladius\/#primaryimage"},"datePublished":"2022-05-26T01:18:53+00:00","dateModified":"2022-06-01T19:49:37+00:00","breadcrumb":{"@id":"https:\/\/www.camir.cl\/site\/producto\/gladius\/#breadcrumb"},"inLanguage":"es","potentialAction":[{"@type":"ReadAction","target":["https:\/\/www.camir.cl\/site\/producto\/gladius\/"]}]},{"@type":"BreadcrumbList","@id":"https:\/\/www.camir.cl\/site\/producto\/gladius\/#breadcrumb","itemListElement":[{"@type":"ListItem","position":1,"name":"Portada","item":"https:\/\/www.camir.cl\/site\/"},{"@type":"ListItem","position":2,"name":"Cat\u00e1logo de Productos","item":"https:\/\/www.camir.cl\/site\/shop\/"},{"@type":"ListItem","position":3,"name":"Gladius"}]}]}},"_links":{"self":[{"href":"https:\/\/www.camir.cl\/site\/wp-json\/wp\/v2\/product\/1271"}],"collection":[{"href":"https:\/\/www.camir.cl\/site\/wp-json\/wp\/v2\/product"}],"about":[{"href":"https:\/\/www.camir.cl\/site\/wp-json\/wp\/v2\/types\/product"}],"replies":[{"embeddable":true,"href":"https:\/\/www.camir.cl\/site\/wp-json\/wp\/v2\/comments?post=1271"}],"version-history":[{"count":0,"href":"https:\/\/www.camir.cl\/site\/wp-json\/wp\/v2\/product\/1271\/revisions"}],"wp:featuredmedia":[{"embeddable":true,"href":"https:\/\/www.camir.cl\/site\/wp-json\/wp\/v2\/media\/1378"}],"wp:attachment":[{"href":"https:\/\/www.camir.cl\/site\/wp-json\/wp\/v2\/media?parent=1271"}],"wp:term":[{"taxonomy":"brand","embeddable":true,"href":"https:\/\/www.camir.cl\/site\/wp-json\/wp\/v2\/etheme_brands?post=1271"},{"taxonomy":"product_cat","embeddable":true,"href":"https:\/\/www.camir.cl\/site\/wp-json\/wp\/v2\/product_cat?post=1271"},{"taxonomy":"product_tag","embeddable":true,"href":"https:\/\/www.camir.cl\/site\/wp-json\/wp\/v2\/product_tag?post=1271"}],"curies":[{"name":"wp","href":"https:\/\/api.w.org\/{rel}","templated":true}]}}