{"id":1270,"date":"2022-05-25T22:18:53","date_gmt":"2022-05-26T01:18:53","guid":{"rendered":"https:\/\/www.camir.cl\/site\/producto\/corsair-pro\/"},"modified":"2025-10-15T06:50:09","modified_gmt":"2025-10-15T09:50:09","slug":"corsair-pro","status":"publish","type":"product","link":"https:\/\/www.camir.cl\/site\/producto\/corsair-pro\/","title":{"rendered":"Corsair Pro"},"content":{"rendered":"<div class=\"et_pb_row et_pb_row_17 et_pb_gutters1\">\n<div class=\"et_pb_column et_pb_column_2_3 et_pb_column_38 et_pb_css_mix_blend_mode_passthrough\">\n<div class=\"et_pb_module et_pb_blurb et_pb_blurb_8 et_pb_text_align_left et_pb_blurb_position_left et_pb_bg_layout_light et_pb_blurb_position_left_tablet et_pb_blurb_position_top_phone\">\n<div class=\"et_pb_blurb_content\">\n<div class=\"et_pb_main_blurb_image\" style=\"text-align: left;\">\n<p><span class=\"et_pb_image_wrap et_pb_only_image_mode_wrap\"><span class=\"et_pb_image_wrap et_pb_only_image_mode_wrap\"><img loading=\"lazy\" loading=\"lazy\" decoding=\"async\" class=\"et-waypoint et_pb_animation_off et_pb_animation_off_tablet et_pb_animation_off_phone wp-image-6249 et-animated alignleft\" src=\"https:\/\/asahi-inteccusa-medical.com\/wp-content\/uploads\/2022\/02\/Asahi-Button-CorsairPro_300px.png\" sizes=\"(max-width: 300px) 100vw, 300px\" srcset=\"https:\/\/asahi--inteccusa--medical-com.translate.goog\/wp-content\/uploads\/2022\/02\/Asahi-Button-CorsairPro_300px-150x150@2x.png?_x_tr_sl=en&amp;_x_tr_tl=es&amp;_x_tr_hl=es&amp;_x_tr_pto=sc 300w,https:\/\/asahi--inteccusa--medical-com.translate.goog\/wp-content\/uploads\/2022\/02\/Asahi-Button-CorsairPro_300px-150x150.png?_x_tr_sl=en&amp;_x_tr_tl=es&amp;_x_tr_hl=es&amp;_x_tr_pto=sc 150w\" alt=\"\" width=\"154\" height=\"154\" \/><strong><span style=\"text-align: center;\">ASAHI Corsair\u00ae Pro<\/span><\/strong><\/span><\/span><\/p>\n<div class=\"et_pb_column et_pb_column_2_3 et_pb_column_38 et_pb_css_mix_blend_mode_passthrough\">\n<div class=\"et_pb_module et_pb_blurb et_pb_blurb_8 et_pb_text_align_left et_pb_blurb_position_left et_pb_bg_layout_light et_pb_blurb_position_left_tablet et_pb_blurb_position_top_phone\">\n<div class=\"et_pb_blurb_content\">\n<div class=\"et_pb_blurb_container\">\n<div class=\"et_pb_blurb_description\">\n<p>Brindando excelencia a trav\u00e9s de la evoluci\u00f3n y la tradici\u00f3n.<\/p>\n<p>Corsair Pro es un microcat\u00e9ter de torsi\u00f3n multiuso de dise\u00f1o \u00fanico que es muy \u00fatil en la oclusi\u00f3n total cr\u00f3nica y los procedimientos PCI complejos.<\/p>\n<\/div>\n<\/div>\n<\/div>\n<\/div>\n<\/div>\n<div class=\"et_pb_column et_pb_column_1_3 et_pb_column_39 et_pb_css_mix_blend_mode_passthrough et-last-child\">\n<div class=\"et_pb_module et_pb_image et_pb_image_11\"><\/div>\n<\/div>\n<\/div>\n<\/div>\n<\/div>\n<\/div>\n<div class=\"et_pb_column et_pb_column_1_3 et_pb_column_39 et_pb_css_mix_blend_mode_passthrough et-last-child\">\n<div class=\"et_pb_module et_pb_image et_pb_image_11\"><\/div>\n<\/div>\n<\/div>\n<div class=\"et_pb_row et_pb_row_18\">\n<div class=\"et_pb_column et_pb_column_1_2 et_pb_column_40 et_pb_css_mix_blend_mode_passthrough\">\n<div class=\"et_pb_module et_pb_text et_pb_text_30 et_pb_text_align_left et_pb_bg_layout_light\">\n<div class=\"et_pb_text_inner\">\n<p><strong>SHINKA-Shaft (eje de bobina de acero inoxidable con 10 alambres trenzados)<br \/>\n<\/strong>El patr\u00f3n de trenzado patentado de la marca ASAHI conserva un alto empuje y permite la manipulaci\u00f3n giratoria.\u00a0(Rotaci\u00f3n limitada hasta 10 veces en cada direcci\u00f3n).<\/p>\n<\/div>\n<\/div>\n<div class=\"et_pb_module et_pb_image et_pb_image_12\"><span class=\"et_pb_image_wrap \"><img loading=\"lazy\" loading=\"lazy\" decoding=\"async\" class=\"wp-image-658\" title=\"Asahi-CorsairPro-Detail-Final-trans\" src=\"https:\/\/asahi-inteccusa-medical.com\/wp-content\/uploads\/2019\/07\/Asahi-CorsairPro-Detail-Final-trans.png\" sizes=\"(min-width: 0px) and (max-width: 480px) 480px, (min-width: 481px) and (max-width: 980px) 980px, (min-width: 981px) 982px, 100vw\" srcset=\"https:\/\/asahi--inteccusa--medical-com.translate.goog\/wp-content\/uploads\/2019\/07\/Asahi-CorsairPro-Detail-Final-trans.png?_x_tr_sl=en&amp;_x_tr_tl=es&amp;_x_tr_hl=es&amp;_x_tr_pto=sc 982w,https:\/\/asahi--inteccusa--medical-com.translate.goog\/wp-content\/uploads\/2019\/07\/Asahi-CorsairPro-Detail-Final-trans-980x64.png?_x_tr_sl=en&amp;_x_tr_tl=es&amp;_x_tr_hl=es&amp;_x_tr_pto=sc 980w,https:\/\/asahi--inteccusa--medical-com.translate.goog\/wp-content\/uploads\/2019\/07\/Asahi-CorsairPro-Detail-Final-trans-480x31.png?_x_tr_sl=en&amp;_x_tr_tl=es&amp;_x_tr_hl=es&amp;_x_tr_pto=sc 480w\" alt=\"\" width=\"982\" height=\"64\" \/><\/span><\/div>\n<div class=\"et_pb_module et_pb_text et_pb_text_31 pages-list-style et_pb_text_align_left et_pb_bg_layout_light\">\n<div class=\"et_pb_text_inner\">\n<p><strong>PUNTA BLANDA C\u00d3NICA<\/strong><\/p>\n<p>Reduci\u00e9ndose a 1,3 Fr (0,42 mm)<\/p>\n<ul>\n<li>Excelente rastreabilidad en la lesi\u00f3n.<\/li>\n<li>Toda la punta es visible bajo fluoroscopia<\/li>\n<\/ul>\n<\/div>\n<\/div>\n<div class=\"et_pb_module et_pb_image et_pb_image_13\"><span class=\"et_pb_image_wrap \"><img loading=\"lazy\" loading=\"lazy\" decoding=\"async\" class=\"wp-image-660 alignright\" title=\"Asahi-CorsairPro-Detail2-Final-trans\" src=\"https:\/\/asahi-inteccusa-medical.com\/wp-content\/uploads\/2019\/07\/Asahi-CorsairPro-Detail2-Final-trans.png\" sizes=\"(max-width: 306px) 100vw, 306px\" srcset=\"https:\/\/asahi--inteccusa--medical-com.translate.goog\/wp-content\/uploads\/2019\/07\/Asahi-CorsairPro-Detail2-Final-trans.png?_x_tr_sl=en&amp;_x_tr_tl=es&amp;_x_tr_hl=es&amp;_x_tr_pto=sc 306w,https:\/\/asahi--inteccusa--medical-com.translate.goog\/wp-content\/uploads\/2019\/07\/Asahi-CorsairPro-Detail2-Final-trans-300x295.png?_x_tr_sl=en&amp;_x_tr_tl=es&amp;_x_tr_hl=es&amp;_x_tr_pto=sc 300w\" alt=\"\" width=\"306\" height=\"301\" \/><\/span><\/div>\n<\/div>\n<div class=\"et_pb_column et_pb_column_1_2 et_pb_column_41 et_pb_css_mix_blend_mode_passthrough et-last-child\">\n<div class=\"et_pb_module et_pb_image et_pb_image_14\"><span class=\"et_pb_image_wrap \"><img loading=\"lazy\" loading=\"lazy\" decoding=\"async\" class=\"wp-image-637\" title=\"microcat\u00e9ter-corsair-pro\" src=\"https:\/\/asahi-inteccusa-medical.com\/wp-content\/uploads\/2019\/07\/microcatheter-corsair-pro.png\" sizes=\"(max-width: 400px) 100vw, 400px\" srcset=\"https:\/\/asahi--inteccusa--medical-com.translate.goog\/wp-content\/uploads\/2019\/07\/microcatheter-corsair-pro.png?_x_tr_sl=en&amp;_x_tr_tl=es&amp;_x_tr_hl=es&amp;_x_tr_pto=sc 400w,https:\/\/asahi--inteccusa--medical-com.translate.goog\/wp-content\/uploads\/2019\/07\/microcatheter-corsair-pro-150x150@2x.png?_x_tr_sl=en&amp;_x_tr_tl=es&amp;_x_tr_hl=es&amp;_x_tr_pto=sc 300w,https:\/\/asahi--inteccusa--medical-com.translate.goog\/wp-content\/uploads\/2019\/07\/microcatheter-corsair-pro-150x150.png?_x_tr_sl=en&amp;_x_tr_tl=es&amp;_x_tr_hl=es&amp;_x_tr_pto=sc 150w,https:\/\/asahi--inteccusa--medical-com.translate.goog\/wp-content\/uploads\/2019\/07\/microcatheter-corsair-pro@2x.png?_x_tr_sl=en&amp;_x_tr_tl=es&amp;_x_tr_hl=es&amp;_x_tr_pto=sc 800w,https:\/\/asahi--inteccusa--medical-com.translate.goog\/wp-content\/uploads\/2019\/07\/microcatheter-corsair-pro-300x300@2x.png?_x_tr_sl=en&amp;_x_tr_tl=es&amp;_x_tr_hl=es&amp;_x_tr_pto=sc 600w\" alt=\"\" width=\"400\" height=\"400\" \/><\/span><\/div>\n<\/div>\n<\/div>\n<div>\n<table id=\"tablepress-corsair-pro-no-2\" class=\"tablepress tablepress-id-corsair-pro product-table-double-header tablepress-responsive dataTable no-footer\" role=\"grid\" aria-describedby=\"tablepress-corsair-pro-no-2-description\">\n<thead>\n<tr class=\"row-1\" role=\"row\">\n<th class=\"column-1 sorting_disabled\" colspan=\"1\" rowspan=\"1\"><\/th>\n<th class=\"column-2 sorting_disabled\" colspan=\"1\" rowspan=\"1\"><\/th>\n<th class=\"column-3\" colspan=\"3\" rowspan=\"1\">DI\u00c1METRO EXTERIOR (FR(MM))<\/th>\n<th class=\"column-6\" colspan=\"2\" rowspan=\"1\">DI\u00c1METRO INTERIOR (PULGADAS (MM))<\/th>\n<th class=\"column-8 sorting_disabled\" colspan=\"1\" rowspan=\"1\"><\/th>\n<th class=\"column-9 sorting_disabled\" colspan=\"1\" rowspan=\"1\"><\/th>\n<\/tr>\n<\/thead>\n<tbody class=\"row-hover\">\n<tr class=\"row-2\">\n<td class=\"column-1\">PRODUCTO<\/td>\n<td class=\"column-2\"><\/td>\n<td class=\"column-3\">CONSEJO<\/td>\n<td class=\"column-4\">EJE DISTAL<\/td>\n<td class=\"column-5\">EJE PROXIMAL<\/td>\n<td class=\"column-6\">CONSEJO<\/td>\n<td class=\"column-7\">EJE<\/td>\n<td class=\"column-8\">LONGITUD UTILIZABLE (CM)<\/td>\n<td class=\"column-9\">GW RECOMENDADO (PULGADAS (MM))<\/td>\n<\/tr>\n<tr class=\"row-3\">\n<td class=\"column-1\">ASAHI Corsair Pro, 135cm<\/td>\n<td class=\"column-2\"><\/td>\n<td class=\"column-3\">1,3 (0,42)<\/td>\n<td class=\"column-4\">2,6 (0,87)<\/td>\n<td class=\"column-5\">2,8 (0,93)<\/td>\n<td class=\"column-6\">0,015 (0,38)<\/td>\n<td class=\"column-7\">0,018 (0,45)<\/td>\n<td class=\"column-8\">135<\/td>\n<td class=\"column-9\">0,014 (0,36)<\/td>\n<\/tr>\n<tr class=\"row-4\">\n<td class=\"column-1\">ASAHI Corsair Pro, 150cm<\/td>\n<td class=\"column-2\"><\/td>\n<td class=\"column-3\">1,3 (0,42)<\/td>\n<td class=\"column-4\">2,6 (0,87)<\/td>\n<td class=\"column-5\">2,8 (0,93)<\/td>\n<td class=\"column-6\">0,015 (0,38)<\/td>\n<td class=\"column-7\">0,018 (0,45)<\/td>\n<td class=\"column-8\">150<\/td>\n<td class=\"column-9\">0,014 (0,36)<\/td>\n<\/tr>\n<\/tbody>\n<\/table>\n<\/div>\n<h5>Indicaciones para el uso<\/h5>\n<p>Este producto est\u00e1 destinado a brindar soporte para facilitar la colocaci\u00f3n de cables gu\u00eda en los vasos coronarios y perif\u00e9ricos, y puede usarse para cambiar un cable gu\u00eda por otro.\u00a0Este producto tambi\u00e9n est\u00e1 dise\u00f1ado para ayudar en la administraci\u00f3n de medios de contraste en los vasos coronarios, perif\u00e9ricos y abdominales, y para ayudar a cruzar las oclusiones coronarias totales (CTO) de novo.\u00a0Este dispositivo no debe utilizarse en la neurovasculatura.<\/p>\n<div style=\"display:flex; gap:10px;justify-content:center\" class=\"wps-pgfw-pdf-generate-icon__wrapper-frontend\">\n\t\t<a  href=\"https:\/\/www.camir.cl\/site\/wp-json\/wp\/v2\/product\/1270?action=genpdf&amp;id=1270\" class=\"pgfw-single-pdf-download-button\" ><img src=\"https:\/\/www.camir.cl\/site\/wp-content\/plugins\/pdf-generator-for-wp\/admin\/src\/images\/PDF_Tray.svg\" title=\"Generar PDF\" style=\"width:auto; height:45px;\"><\/a>\n\t\t<\/div>","protected":false},"excerpt":{"rendered":"<p>Microcat\u00e9ter de acero inoxidable<\/p>\n","protected":false},"featured_media":1374,"comment_status":"open","ping_status":"closed","template":"","meta":[],"etheme_brands":[],"product_cat":[39,63],"product_tag":[69,72],"class_list":["post-1270","product","type-product","status-publish","has-post-thumbnail","hentry","product_cat-coronario","product_cat-microcateter","product_tag-cateter","product_tag-lesiones-complejas"],"yoast_head":"<!-- This site is optimized with the Yoast SEO plugin v19.1 - https:\/\/yoast.com\/wordpress\/plugins\/seo\/ -->\n<title>Corsair Pro - Camir<\/title>\n<meta name=\"robots\" content=\"index, follow, max-snippet:-1, max-image-preview:large, max-video-preview:-1\" \/>\n<link rel=\"canonical\" href=\"https:\/\/www.camir.cl\/site\/producto\/corsair-pro\/\" \/>\n<meta property=\"og:locale\" content=\"es_ES\" \/>\n<meta property=\"og:type\" content=\"article\" \/>\n<meta property=\"og:title\" content=\"Corsair Pro - Camir\" \/>\n<meta property=\"og:description\" content=\"Microcat\u00e9ter de acero inoxidable\" \/>\n<meta property=\"og:url\" content=\"https:\/\/www.camir.cl\/site\/producto\/corsair-pro\/\" \/>\n<meta property=\"og:site_name\" content=\"Camir\" \/>\n<meta property=\"article:modified_time\" content=\"2025-10-15T09:50:09+00:00\" \/>\n<meta property=\"og:image\" content=\"https:\/\/www.camir.cl\/site\/wp-content\/uploads\/2022\/05\/Corsair-Pro.jpg\" \/>\n\t<meta property=\"og:image:width\" content=\"300\" \/>\n\t<meta property=\"og:image:height\" content=\"300\" \/>\n\t<meta property=\"og:image:type\" content=\"image\/jpeg\" \/>\n<meta name=\"twitter:card\" content=\"summary_large_image\" \/>\n<meta name=\"twitter:label1\" content=\"Tiempo de lectura\" \/>\n\t<meta name=\"twitter:data1\" content=\"2 minutos\" \/>\n<script type=\"application\/ld+json\" class=\"yoast-schema-graph\">{\"@context\":\"https:\/\/schema.org\",\"@graph\":[{\"@type\":\"WebSite\",\"@id\":\"https:\/\/www.camir.cl\/site\/#website\",\"url\":\"https:\/\/www.camir.cl\/site\/\",\"name\":\"Camir\",\"description\":\"\",\"potentialAction\":[{\"@type\":\"SearchAction\",\"target\":{\"@type\":\"EntryPoint\",\"urlTemplate\":\"https:\/\/www.camir.cl\/site\/?s={search_term_string}\"},\"query-input\":\"required name=search_term_string\"}],\"inLanguage\":\"es\"},{\"@type\":\"ImageObject\",\"inLanguage\":\"es\",\"@id\":\"https:\/\/www.camir.cl\/site\/producto\/corsair-pro\/#primaryimage\",\"url\":\"https:\/\/www.camir.cl\/site\/wp-content\/uploads\/2022\/05\/Corsair-Pro.jpg\",\"contentUrl\":\"https:\/\/www.camir.cl\/site\/wp-content\/uploads\/2022\/05\/Corsair-Pro.jpg\",\"width\":300,\"height\":300,\"caption\":\"Corsair Pro\"},{\"@type\":\"WebPage\",\"@id\":\"https:\/\/www.camir.cl\/site\/producto\/corsair-pro\/#webpage\",\"url\":\"https:\/\/www.camir.cl\/site\/producto\/corsair-pro\/\",\"name\":\"Corsair Pro - Camir\",\"isPartOf\":{\"@id\":\"https:\/\/www.camir.cl\/site\/#website\"},\"primaryImageOfPage\":{\"@id\":\"https:\/\/www.camir.cl\/site\/producto\/corsair-pro\/#primaryimage\"},\"datePublished\":\"2022-05-26T01:18:53+00:00\",\"dateModified\":\"2025-10-15T09:50:09+00:00\",\"breadcrumb\":{\"@id\":\"https:\/\/www.camir.cl\/site\/producto\/corsair-pro\/#breadcrumb\"},\"inLanguage\":\"es\",\"potentialAction\":[{\"@type\":\"ReadAction\",\"target\":[\"https:\/\/www.camir.cl\/site\/producto\/corsair-pro\/\"]}]},{\"@type\":\"BreadcrumbList\",\"@id\":\"https:\/\/www.camir.cl\/site\/producto\/corsair-pro\/#breadcrumb\",\"itemListElement\":[{\"@type\":\"ListItem\",\"position\":1,\"name\":\"Portada\",\"item\":\"https:\/\/www.camir.cl\/site\/\"},{\"@type\":\"ListItem\",\"position\":2,\"name\":\"Cat\u00e1logo de Productos\",\"item\":\"https:\/\/www.camir.cl\/site\/shop\/\"},{\"@type\":\"ListItem\",\"position\":3,\"name\":\"Corsair Pro\"}]}]}<\/script>\n<!-- \/ Yoast SEO plugin. -->","yoast_head_json":{"title":"Corsair Pro - Camir","robots":{"index":"index","follow":"follow","max-snippet":"max-snippet:-1","max-image-preview":"max-image-preview:large","max-video-preview":"max-video-preview:-1"},"canonical":"https:\/\/www.camir.cl\/site\/producto\/corsair-pro\/","og_locale":"es_ES","og_type":"article","og_title":"Corsair Pro - Camir","og_description":"Microcat\u00e9ter de acero inoxidable","og_url":"https:\/\/www.camir.cl\/site\/producto\/corsair-pro\/","og_site_name":"Camir","article_modified_time":"2025-10-15T09:50:09+00:00","og_image":[{"width":300,"height":300,"url":"https:\/\/www.camir.cl\/site\/wp-content\/uploads\/2022\/05\/Corsair-Pro.jpg","type":"image\/jpeg"}],"twitter_card":"summary_large_image","twitter_misc":{"Tiempo de lectura":"2 minutos"},"schema":{"@context":"https:\/\/schema.org","@graph":[{"@type":"WebSite","@id":"https:\/\/www.camir.cl\/site\/#website","url":"https:\/\/www.camir.cl\/site\/","name":"Camir","description":"","potentialAction":[{"@type":"SearchAction","target":{"@type":"EntryPoint","urlTemplate":"https:\/\/www.camir.cl\/site\/?s={search_term_string}"},"query-input":"required name=search_term_string"}],"inLanguage":"es"},{"@type":"ImageObject","inLanguage":"es","@id":"https:\/\/www.camir.cl\/site\/producto\/corsair-pro\/#primaryimage","url":"https:\/\/www.camir.cl\/site\/wp-content\/uploads\/2022\/05\/Corsair-Pro.jpg","contentUrl":"https:\/\/www.camir.cl\/site\/wp-content\/uploads\/2022\/05\/Corsair-Pro.jpg","width":300,"height":300,"caption":"Corsair Pro"},{"@type":"WebPage","@id":"https:\/\/www.camir.cl\/site\/producto\/corsair-pro\/#webpage","url":"https:\/\/www.camir.cl\/site\/producto\/corsair-pro\/","name":"Corsair Pro - Camir","isPartOf":{"@id":"https:\/\/www.camir.cl\/site\/#website"},"primaryImageOfPage":{"@id":"https:\/\/www.camir.cl\/site\/producto\/corsair-pro\/#primaryimage"},"datePublished":"2022-05-26T01:18:53+00:00","dateModified":"2025-10-15T09:50:09+00:00","breadcrumb":{"@id":"https:\/\/www.camir.cl\/site\/producto\/corsair-pro\/#breadcrumb"},"inLanguage":"es","potentialAction":[{"@type":"ReadAction","target":["https:\/\/www.camir.cl\/site\/producto\/corsair-pro\/"]}]},{"@type":"BreadcrumbList","@id":"https:\/\/www.camir.cl\/site\/producto\/corsair-pro\/#breadcrumb","itemListElement":[{"@type":"ListItem","position":1,"name":"Portada","item":"https:\/\/www.camir.cl\/site\/"},{"@type":"ListItem","position":2,"name":"Cat\u00e1logo de Productos","item":"https:\/\/www.camir.cl\/site\/shop\/"},{"@type":"ListItem","position":3,"name":"Corsair Pro"}]}]}},"_links":{"self":[{"href":"https:\/\/www.camir.cl\/site\/wp-json\/wp\/v2\/product\/1270"}],"collection":[{"href":"https:\/\/www.camir.cl\/site\/wp-json\/wp\/v2\/product"}],"about":[{"href":"https:\/\/www.camir.cl\/site\/wp-json\/wp\/v2\/types\/product"}],"replies":[{"embeddable":true,"href":"https:\/\/www.camir.cl\/site\/wp-json\/wp\/v2\/comments?post=1270"}],"version-history":[{"count":1,"href":"https:\/\/www.camir.cl\/site\/wp-json\/wp\/v2\/product\/1270\/revisions"}],"predecessor-version":[{"id":1728,"href":"https:\/\/www.camir.cl\/site\/wp-json\/wp\/v2\/product\/1270\/revisions\/1728"}],"wp:featuredmedia":[{"embeddable":true,"href":"https:\/\/www.camir.cl\/site\/wp-json\/wp\/v2\/media\/1374"}],"wp:attachment":[{"href":"https:\/\/www.camir.cl\/site\/wp-json\/wp\/v2\/media?parent=1270"}],"wp:term":[{"taxonomy":"brand","embeddable":true,"href":"https:\/\/www.camir.cl\/site\/wp-json\/wp\/v2\/etheme_brands?post=1270"},{"taxonomy":"product_cat","embeddable":true,"href":"https:\/\/www.camir.cl\/site\/wp-json\/wp\/v2\/product_cat?post=1270"},{"taxonomy":"product_tag","embeddable":true,"href":"https:\/\/www.camir.cl\/site\/wp-json\/wp\/v2\/product_tag?post=1270"}],"curies":[{"name":"wp","href":"https:\/\/api.w.org\/{rel}","templated":true}]}}